{"id":2,"date":"2021-08-10T23:53:10","date_gmt":"2021-08-10T23:53:10","guid":{"rendered":"https:\/\/hcdrosales.gob.ar\/?page_id=2"},"modified":"2024-08-28T16:47:12","modified_gmt":"2024-08-28T16:47:12","slug":"sample-page","status":"publish","type":"page","link":"https:\/\/hcdrosales.gob.ar\/","title":{"rendered":""},"content":{"rendered":"<h1 style=\"text-align: center;\"><em>\u00a1BIENVENIDOS AL HCD CORONEL ROSALES!<\/em><\/h1>\n<h3>Te recomendamos que utilices el buscador de la pagina (\u00abla lupita\u00bb) con una palabra clave para encontrar aquella normativa que deseas.<\/h3>\n<h1><strong><em>\u00bfC\u00f3mo se compone el Concejo Deliberante?<\/em><\/strong><\/h1>\n<h3>Lo conforman los concejales. La cantidad de concejales est\u00e1 estipulado por la ley org\u00e1nica de las municipalidades que rige a todas las municipalidades de la Provincia de Buenos Aires. En el caso de Coronel Rosales tiene dieciocho (18), esto se calcula por la cantidad de habitantes.<\/h3>\n<h1><em>\u00bfC\u00f3mo funciona el Concejo Deliberante?<\/em><\/h1>\n<h3>Los concejales se convocan a trav\u00e9s de sesiones, adem\u00e1s de las reuniones de comisi\u00f3n. El Concejo est\u00e1 dividido en comisiones internas de car\u00e1cter permanentes que son integradas por concejales de distintos bloques pol\u00edticos y que analizan por tem\u00e1ticas los expedientes ingresados.<\/h3>\n<h1><\/h1>\n<h3><\/h3>\n<h2><\/h2>\n<h2><\/h2>\n","protected":false},"excerpt":{"rendered":"<p>\u00a1BIENVENIDOS AL HCD CORONEL ROSALES! Te recomendamos que utilices el buscador de la pagina (\u00abla lupita\u00bb) con una palabra clave para encontrar aquella normativa que deseas. \u00bfC\u00f3mo se compone el Concejo Deliberante? Lo conforman los concejales. La cantidad de concejales est\u00e1 estipulado por la ley org\u00e1nica de las municipalidades que rige a todas las municipalidades [&hellip;]<\/p>\n","protected":false},"author":1,"featured_media":4320,"parent":0,"menu_order":0,"comment_status":"closed","ping_status":"open","template":"page-templates\/narrow.php","meta":{"footnotes":""},"class_list":["post-2","page","type-page","status-publish","has-post-thumbnail","hentry"],"_links":{"self":[{"href":"https:\/\/hcdrosales.gob.ar\/index.php?rest_route=\/wp\/v2\/pages\/2","targetHints":{"allow":["GET"]}}],"collection":[{"href":"https:\/\/hcdrosales.gob.ar\/index.php?rest_route=\/wp\/v2\/pages"}],"about":[{"href":"https:\/\/hcdrosales.gob.ar\/index.php?rest_route=\/wp\/v2\/types\/page"}],"author":[{"embeddable":true,"href":"https:\/\/hcdrosales.gob.ar\/index.php?rest_route=\/wp\/v2\/users\/1"}],"replies":[{"embeddable":true,"href":"https:\/\/hcdrosales.gob.ar\/index.php?rest_route=%2Fwp%2Fv2%2Fcomments&post=2"}],"version-history":[{"count":19,"href":"https:\/\/hcdrosales.gob.ar\/index.php?rest_route=\/wp\/v2\/pages\/2\/revisions"}],"predecessor-version":[{"id":6348,"href":"https:\/\/hcdrosales.gob.ar\/index.php?rest_route=\/wp\/v2\/pages\/2\/revisions\/6348"}],"wp:featuredmedia":[{"embeddable":true,"href":"https:\/\/hcdrosales.gob.ar\/index.php?rest_route=\/wp\/v2\/media\/4320"}],"wp:attachment":[{"href":"https:\/\/hcdrosales.gob.ar\/index.php?rest_route=%2Fwp%2Fv2%2Fmedia&parent=2"}],"curies":[{"name":"wp","href":"https:\/\/api.w.org\/{rel}","templated":true}]}}